{"id":698,"date":"2019-06-03T09:26:45","date_gmt":"2019-06-03T08:26:45","guid":{"rendered":"http:\/\/residenciajesan.com\/wordpress\/?page_id=698"},"modified":"2019-06-03T09:28:29","modified_gmt":"2019-06-03T08:28:29","slug":"estudio-abadia","status":"publish","type":"page","link":"https:\/\/residenciajesan.com\/wordpress\/estudio-abadia\/","title":{"rendered":"Estudio ABAD\u00cdA"},"content":{"rendered":"\n<p>En Residencia Jes\u00e1n apostamos por la calidad junto con al investigaci\u00f3n y el desarrollo. Por ello en colaboraci\u00f3n con OUTCOMES y NESTL\u00c9, participamos en el estudio ABAD\u00cdA que ser\u00e1 presentado en el pr\u00f3ximo congreso ISPOR en Polonia sobre \u00abAlimentaci\u00f3n en los Mayores\u00bb.<\/p>\n\n\n\n<div class=\"wp-block-image\"><figure class=\"aligncenter\"><img loading=\"lazy\" decoding=\"async\" width=\"984\" height=\"728\" src=\"http:\/\/residenciajesan.com\/wordpress\/wp-content\/uploads\/2019\/06\/reconocimiento-residencia-jes\u00e1n.jpg\" alt=\"\" class=\"wp-image-702\" srcset=\"https:\/\/residenciajesan.com\/wordpress\/wp-content\/uploads\/2019\/06\/reconocimiento-residencia-jes\u00e1n.jpg 984w, https:\/\/residenciajesan.com\/wordpress\/wp-content\/uploads\/2019\/06\/reconocimiento-residencia-jes\u00e1n-300x222.jpg 300w, https:\/\/residenciajesan.com\/wordpress\/wp-content\/uploads\/2019\/06\/reconocimiento-residencia-jes\u00e1n-768x568.jpg 768w\" sizes=\"auto, (max-width: 984px) 100vw, 984px\" \/><\/figure><\/div>\n","protected":false},"excerpt":{"rendered":"<p>En Residencia Jes\u00e1n apostamos por la calidad junto con al investigaci\u00f3n y el desarrollo. Por ello en colaboraci\u00f3n con OUTCOMES y NESTL\u00c9, participamos en el estudio ABAD\u00cdA que ser\u00e1 presentado en el pr\u00f3ximo congreso ISPOR en Polonia sobre \u00abAlimentaci\u00f3n en los Mayores\u00bb.<\/p>\n","protected":false},"author":2,"featured_media":0,"parent":0,"menu_order":0,"comment_status":"closed","ping_status":"closed","template":"template-full-width.php","meta":{"footnotes":""},"class_list":["post-698","page","type-page","status-publish","hentry"],"_links":{"self":[{"href":"https:\/\/residenciajesan.com\/wordpress\/wp-json\/wp\/v2\/pages\/698","targetHints":{"allow":["GET"]}}],"collection":[{"href":"https:\/\/residenciajesan.com\/wordpress\/wp-json\/wp\/v2\/pages"}],"about":[{"href":"https:\/\/residenciajesan.com\/wordpress\/wp-json\/wp\/v2\/types\/page"}],"author":[{"embeddable":true,"href":"https:\/\/residenciajesan.com\/wordpress\/wp-json\/wp\/v2\/users\/2"}],"replies":[{"embeddable":true,"href":"https:\/\/residenciajesan.com\/wordpress\/wp-json\/wp\/v2\/comments?post=698"}],"version-history":[{"count":6,"href":"https:\/\/residenciajesan.com\/wordpress\/wp-json\/wp\/v2\/pages\/698\/revisions"}],"predecessor-version":[{"id":708,"href":"https:\/\/residenciajesan.com\/wordpress\/wp-json\/wp\/v2\/pages\/698\/revisions\/708"}],"wp:attachment":[{"href":"https:\/\/residenciajesan.com\/wordpress\/wp-json\/wp\/v2\/media?parent=698"}],"curies":[{"name":"wp","href":"https:\/\/api.w.org\/{rel}","templated":true}]}}