{"id":823,"date":"2020-01-03T18:35:45","date_gmt":"2020-01-03T17:35:45","guid":{"rendered":"http:\/\/residenciajesan.com\/wordpress\/?page_id=823"},"modified":"2020-01-03T18:39:36","modified_gmt":"2020-01-03T17:39:36","slug":"aviso-legal","status":"publish","type":"page","link":"https:\/\/residenciajesan.com\/wordpress\/aviso-legal\/","title":{"rendered":"Aviso legal"},"content":{"rendered":"\n<ul class=\"wp-block-list\"><li><strong>USUARIOS:\u00a0<\/strong>El acceso y\/o uso de este portal de CONSTRUCCIONES URBAIN S.L. creador de\u00a0 www.residenciajesan.com atribuye la condici\u00f3n de USUARIO, que acepta, desde dicho acceso y\/o uso, las Condiciones Generales de Uso aqu\u00ed reflejadas. Las citadas Condiciones ser\u00e1n de aplicaci\u00f3n independientemente de las Condiciones Generales de Contrataci\u00f3n que en su caso resulten de obligado cumplimiento.<\/li><\/ul>\n\n\n\n<ul class=\"wp-block-list\"><li><strong>USO DEL PORTAL:<\/strong>\u00a0www.residenciajesan.com proporciona el acceso a multitud de informaciones, servicios, programas o datos (en adelante, \u201clos contenidos\u201d) en Internet pertenecientes a CONSTRUCCIONES URBAIN S.L. creador de\u00a0www.residenciajesan.com o a sus licenciantes a los que el USUARIO pueda tener acceso. El USUARIO asume la responsabilidad del uso del portal. Dicha responsabilidad se extiende al registro que fuese necesario para acceder a determinados servicios o contenidos. En dicho registro el USUARIO ser\u00e1 responsable de aportar informaci\u00f3n veraz y l\u00edcita. Como consecuencia de este registro, al USUARIO se le puede proporcionar una contrase\u00f1a de la que ser\u00e1 responsable, comprometi\u00e9ndose a hacer un uso diligente y confidencial de la misma. El USUARIO se compromete a hacer un uso adecuado de los contenidos y servicios (como por ejemplo servicios de chat, foros de discusi\u00f3n o grupos de noticias) que CONSTRUCCIONES URBAIN S.L. creador de\u00a0www.residenciajesan.com ofrece a trav\u00e9s de su portal y con car\u00e1cter enunciativo pero no limitativo, a no emplearlos para (i) incurrir en actividades il\u00edcitas, ilegales o contrarias a la buena fe y al orden p\u00fablico; (ii) difundir contenidos o propaganda de car\u00e1cter racista, xen\u00f3fobo, pornogr\u00e1fico-ilegal, de apolog\u00eda del terrorismo o atentatorio contra los derechos humanos; (iii) provocar da\u00f1os en los sistemas f\u00edsicos y l\u00f3gicos de CONSTRUCCIONES URBAIN S.L. creador de\u00a0www.residenciajesan.com, de sus proveedores o de terceras personas, introducir o difundir en la red virus inform\u00e1ticos o cualesquiera otros sistemas f\u00edsicos o l\u00f3gicos que sean susceptibles de provocar los da\u00f1os anteriormente mencionados; (iv) intentar acceder y, en su caso, utilizar las cuentas de correo electr\u00f3nico de otros usuarios y modificar\u00a0o manipular sus mensajes. CONSTRUCCIONES URBAIN S.L. creador de\u00a0www.residenciajesan.com se reserva el derecho de retirar todos aquellos comentarios y aportaciones que vulneren el respeto a la dignidad de la persona, que sean discriminatorios, xen\u00f3fobos, racistas, pornogr\u00e1ficos, que atenten contra la juventud o la infancia, el orden o la seguridad p\u00fablica o que, a su juicio, no resultaran adecuados para su publicaci\u00f3n. En cualquier caso, Nombre de la empresa creadora del sitio web no ser\u00e1 responsable de las opiniones vertidas por los usuarios a trav\u00e9s de los foros, chats, u otras herramientas de participaci\u00f3n.<\/li><\/ul>\n\n\n\n<ul class=\"wp-block-list\"><li><strong>PROPIEDAD INTELECTUAL E INDUSTRIAL:\u00a0<\/strong>CONSTRUCCIONES URBAIN S.L. creador de\u00a0www.residenciajesan.com por s\u00ed o como cesionaria, es titular de todos los derechos de propiedad intelectual e industrial de\u00a0www.residenciajesan.com, as\u00ed como de los elementos contenidos en la misma (a t\u00edtulo enunciativo, im\u00e1genes, sonido, audio, v\u00eddeo, software o textos; marcas o logotipos, combinaciones de colores, estructura y dise\u00f1o, selecci\u00f3n de materiales usados, programas de ordenador necesarios para su funcionamiento, acceso y uso, etc.), titularidad de CONSTRUCCIONES URBAIN S.L. creador de\u00a0www.residenciajesan.com o bien de sus licenciantes. Todos los derechos reservados. En virtud de lo dispuesto en los art\u00edculos 8 y 32.1, p\u00e1rrafo segundo, de la Ley de Propiedad Intelectual, quedan expresamente prohibidas la reproducci\u00f3n, la distribuci\u00f3n y la comunicaci\u00f3n p\u00fablica, incluida su modalidad de puesta a disposici\u00f3n, de la totalidad o parte de los contenidos de esta p\u00e1gina web, con fines comerciales, en cualquier soporte y por cualquier medio t\u00e9cnico, sin la autorizaci\u00f3n de CONSTRUCCIONES URBAIN S.L. creador de\u00a0www.residenciajesan.com. El USUARIO se compromete a respetar los derechos de Propiedad Intelectual e Industrial titularidad de CONSTRUCCIONES URBAIN S.L. creador de\u00a0www.residenciajesan.com. Podr\u00e1 visualizar los elementos del portal e incluso imprimirlos, copiarlos y almacenarlos en el disco duro de su ordenador o en cualquier otro soporte f\u00edsico siempre y cuando sea, \u00fanica y exclusivamente, para su uso personal y privado. El USUARIO deber\u00e1 abstenerse de suprimir, alterar, eludir o manipular cualquier dispositivo de protecci\u00f3n o sistema de seguridad que estuviera instalado en las p\u00e1ginas de CONSTRUCCIONES URBAIN S.L. creador de\u00a0www.residenciajesan.com<\/li><\/ul>\n\n\n\n<ul class=\"wp-block-list\"><li><strong>EXCLUSI\u00d3N DE GARANT\u00cdAS Y RESPONSABILIDAD:<\/strong> CONSTRUCCIONES URBAIN S.L. creador de www.residenciajesan.com no se hace responsable, en ning\u00fan caso, de los da\u00f1os y perjuicios de cualquier naturaleza que pudieran ocasionar, a t\u00edtulo enunciativo: errores u omisiones en los contenidos, falta de disponibilidad del portal o la transmisi\u00f3n de virus o programas maliciosos o lesivos en aviso.<\/li><\/ul>\n\n\n\n<ul class=\"wp-block-list\"><li> <strong>MODIFICACIONES:<\/strong>\u00a0CONSTRUCCIONES URBAIN S.L. creador de\u00a0www.residenciajesan.comse reserva el derecho de efectuar sin previo aviso las modificaciones que considere oportunas en su portal, pudiendo\u00a0cambiar, suprimir o a\u00f1adir tanto los contenidos y servicios que se presten a trav\u00e9s de la misma como la forma en la que \u00e9stos aparezcan presentados o localizados en su portal.<\/li><\/ul>\n\n\n\n<ul class=\"wp-block-list\"><li> <strong>ENLACES:<\/strong>\u00a0En el caso de que en nombre del dominio se dispusiesen enlaces o hiperv\u00ednculos hac\u00eda otros sitios de Internet, CONSTRUCCIONES URBAIN S.L. creador de www.residenciajesan.com no ejercer\u00e1 ning\u00fan tipo de control sobre dichos sitios y contenidos. En ning\u00fan caso CONSTRUCCIONES URBAIN S.L. creador de\u00a0www.residenciajesan.com asumir\u00e1 responsabilidad alguna por los contenidos de alg\u00fan  enlace perteneciente a un sitio web ajeno, ni garantizar\u00e1 la disponibilidad t\u00e9cnica, calidad, fiabilidad, exactitud, amplitud, veracidad, validez y constitucionalidad de cualquier material o informaci\u00f3n contenida en ninguno de dichos hiperv\u00ednculos u otros sitios de Internet. Igualmente, la inclusi\u00f3n de estas conexiones externas no implicar\u00e1 ning\u00fan tipo de asociaci\u00f3n, fusi\u00f3n o participaci\u00f3n con las entidades conectadas.<\/li><\/ul>\n\n\n\n<ul class=\"wp-block-list\"><li><strong>DERECHO DE EXCLUSI\u00d3N:<\/strong>\u00a0CONSTRUCCIONES URBAIN S.L. creador de\u00a0www.residenciajesan.comse reserva el derecho a denegar o retirar el acceso a portal y\/o los servicios ofrecidos sin necesidad de preaviso, a instancia propia o de un tercero, a aquellos usuarios que incumplan las presentes Condiciones Generales de Uso.<\/li><\/ul>\n\n\n\n<ul class=\"wp-block-list\"><li><strong>GENERALIDADES:\u00a0<\/strong>CONSTRUCCIONES URBAIN S.L. creador de\u00a0www.residenciajesan.com perseguir\u00e1 el incumplimiento de las presentes condiciones, as\u00ed como cualquier utilizaci\u00f3n indebida de su portal ejerciendo todas las acciones civiles y penales que le puedan corresponder en derecho.<\/li><\/ul>\n\n\n\n<ul class=\"wp-block-list\"><li><strong>MODIFICACI\u00d3N DE LAS PRESENTES CONDICIONES Y DURACI\u00d3N:\u00a0<\/strong>CONSTRUCCIONES URBAIN S.L. creador de\u00a0www.residenciajesan.com podr\u00e1 modificar en cualquier momento las condiciones aqu\u00ed determinadas, siendo debidamente publicadas como aqu\u00ed aparecen. La vigencia de las citadas condiciones ir\u00e1 en funci\u00f3n de su exposici\u00f3n y estar\u00e1n vigentes hasta que sean modificadas por otras debidamente publicadas.<\/li><\/ul>\n\n\n\n<ul class=\"wp-block-list\"><li><strong>LEGISLACI\u00d3N APLICABLE Y JURISDICCI\u00d3N:<\/strong>\u00a0La relaci\u00f3n entre CONSTRUCCIONES URBAIN S.L. creador de\u00a0www.residenciajesan.com y el USUARIO se regir\u00e1 por la normativa espa\u00f1ola vigente y cualquier controversia se someter\u00e1 a los Juzgados y tribunales de la ciudad de\u00a0Salamanca. <\/li><\/ul>\n\n\n\n<p><\/p>\n","protected":false},"excerpt":{"rendered":"<p>USUARIOS:\u00a0El acceso y\/o uso de este portal de CONSTRUCCIONES URBAIN S.L. creador de\u00a0 www.residenciajesan.com atribuye la condici\u00f3n de USUARIO, que acepta, desde dicho acceso y\/o uso, las Condiciones Generales de Uso aqu\u00ed reflejadas. Las citadas Condiciones ser\u00e1n de aplicaci\u00f3n independientemente de las Condiciones Generales de Contrataci\u00f3n que en su caso resulten de obligado cumplimiento. USO &hellip; <a href=\"https:\/\/residenciajesan.com\/wordpress\/aviso-legal\/\" class=\"more-link\">Seguir leyendo <span class=\"screen-reader-text\">Aviso legal<\/span> <span class=\"meta-nav\">&rarr;<\/span><\/a><\/p>\n","protected":false},"author":2,"featured_media":0,"parent":0,"menu_order":0,"comment_status":"closed","ping_status":"closed","template":"","meta":{"footnotes":""},"class_list":["post-823","page","type-page","status-publish","hentry"],"_links":{"self":[{"href":"https:\/\/residenciajesan.com\/wordpress\/wp-json\/wp\/v2\/pages\/823","targetHints":{"allow":["GET"]}}],"collection":[{"href":"https:\/\/residenciajesan.com\/wordpress\/wp-json\/wp\/v2\/pages"}],"about":[{"href":"https:\/\/residenciajesan.com\/wordpress\/wp-json\/wp\/v2\/types\/page"}],"author":[{"embeddable":true,"href":"https:\/\/residenciajesan.com\/wordpress\/wp-json\/wp\/v2\/users\/2"}],"replies":[{"embeddable":true,"href":"https:\/\/residenciajesan.com\/wordpress\/wp-json\/wp\/v2\/comments?post=823"}],"version-history":[{"count":3,"href":"https:\/\/residenciajesan.com\/wordpress\/wp-json\/wp\/v2\/pages\/823\/revisions"}],"predecessor-version":[{"id":833,"href":"https:\/\/residenciajesan.com\/wordpress\/wp-json\/wp\/v2\/pages\/823\/revisions\/833"}],"wp:attachment":[{"href":"https:\/\/residenciajesan.com\/wordpress\/wp-json\/wp\/v2\/media?parent=823"}],"curies":[{"name":"wp","href":"https:\/\/api.w.org\/{rel}","templated":true}]}}