{"id":86,"date":"2015-08-19T02:31:54","date_gmt":"2015-08-19T02:31:54","guid":{"rendered":"http:\/\/residenciajesan.com\/wordpress\/?page_id=86"},"modified":"2020-01-03T18:24:53","modified_gmt":"2020-01-03T17:24:53","slug":"terapia-animales","status":"publish","type":"page","link":"https:\/\/residenciajesan.com\/wordpress\/terapia-animales\/","title":{"rendered":"Terapia con animales"},"content":{"rendered":"<p><span class=\"Estilo37\">Residencia Jes\u00e1n<\/span> pionera en la terapia con animales, pone a disposici\u00f3n de sus mayores una de las terapias m\u00e1s innovadoras y que mejor acogida han tenido entre nuestros residentes.<\/p>\n<p>Estudios han demostrado que los\u00a0animales de compa\u00f1\u00eda en personas mayores\u00a0son muy beneficiosos para su salud f\u00edsica y psicol\u00f3gica.<\/p>\n<p>El contacto realizado de una forma cari\u00f1osa es algo que las personas mayores desean. Las mascotas son seres c\u00e1lidos y cari\u00f1osos que nuestros mayores\u00a0pueden acariciar\u00a0y tocar, despertando bonitos sentimientos y sensaciones que aportan positividad a su estado de salud general.<\/p>\n<p>Los animales activan el sentido del humor, estimulan el car\u00e1cter social, fomentan el sentimiento de responsabilidad y reducen la ansiedad y la tensi\u00f3n arterial. Adem\u00e1s interactuar con este tipo de animales se convierte en un est\u00edmulo que se puede aprovechar para tareas como mejorar la motricidad y el equilibrio.<\/p>\n<p>Diferentes\u00a0estudios han confirmado los beneficios de las terapias con mascotas\u00a0incidiendo en cuatro \u00e1reas fundamentales: la f\u00edsica, la cognitiva, la emocional y la social. Durante la duraci\u00f3n de estas terapias los animales se convierten\u00a0en la mejor medicina para nuestros mayores. Por ello desde Residencia Jes\u00e1n queremos aprovechar todos estos beneficios que este tipo de terapias aportan y ofrecer as\u00ed esta actividad a nuestros residentes.<\/p>\n<p>Aqu\u00ed os dejamos algunas de las terapias realizadas recientemente en colaboraci\u00f3n con Triever-Can:<\/p>\n<p>V\u00eddeos (clic en la imagen para reproducir):<\/p>\n<p><iframe loading=\"lazy\" title=\"Caninoterapia Residencia Jes\u00e1n con Triever-Can Febrero 2017\" width=\"700\" height=\"394\" src=\"https:\/\/www.youtube.com\/embed\/DBuubU3WbGc?start=1&#038;feature=oembed\" frameborder=\"0\" allow=\"accelerometer; autoplay; encrypted-media; gyroscope; picture-in-picture\" allowfullscreen><\/iframe><\/p>\n<p><iframe loading=\"lazy\" title=\"Caninoterapia Residencia Jes\u00e1n con Triever-Can Enero 2017\" width=\"700\" height=\"394\" src=\"https:\/\/www.youtube.com\/embed\/gXJg0TcvMc8?start=33&#038;feature=oembed\" frameborder=\"0\" allow=\"accelerometer; autoplay; encrypted-media; gyroscope; picture-in-picture\" allowfullscreen><\/iframe><\/p>\n<p>Adem\u00e1s adjuntamos la memoria t\u00e9cnica de las sesiones de caninoterapia realizadas por expertos de Triever-can durante Septiembre de 2017:<\/p>\n<p><iframe loading=\"lazy\" style=\"width: 800px; height: 400px;\" src=\"http:\/\/docs.google.com\/gview?url=http:\/\/residenciajesan.com\/wordpress\/wp-content\/uploads\/2017\/10\/Memoriatecnicacaninoterapiajesanseptiembre2017.pdf&amp;embedded=true\" width=\"300\" height=\"150\" frameborder=\"0\"><\/iframe><\/p>\n","protected":false},"excerpt":{"rendered":"<p>Residencia Jes\u00e1n pionera en la terapia con animales, pone a disposici\u00f3n de sus mayores una de las terapias m\u00e1s innovadoras y que mejor acogida han tenido entre nuestros residentes. Estudios han demostrado que los\u00a0animales de compa\u00f1\u00eda en personas mayores\u00a0son muy beneficiosos para su salud f\u00edsica y psicol\u00f3gica. El contacto realizado de una forma cari\u00f1osa es &hellip; <a href=\"https:\/\/residenciajesan.com\/wordpress\/terapia-animales\/\" class=\"more-link\">Seguir leyendo <span class=\"screen-reader-text\">Terapia con animales<\/span> <span class=\"meta-nav\">&rarr;<\/span><\/a><\/p>\n","protected":false},"author":1,"featured_media":0,"parent":0,"menu_order":0,"comment_status":"closed","ping_status":"closed","template":"template-full-width.php","meta":{"footnotes":""},"class_list":["post-86","page","type-page","status-publish","hentry"],"_links":{"self":[{"href":"https:\/\/residenciajesan.com\/wordpress\/wp-json\/wp\/v2\/pages\/86","targetHints":{"allow":["GET"]}}],"collection":[{"href":"https:\/\/residenciajesan.com\/wordpress\/wp-json\/wp\/v2\/pages"}],"about":[{"href":"https:\/\/residenciajesan.com\/wordpress\/wp-json\/wp\/v2\/types\/page"}],"author":[{"embeddable":true,"href":"https:\/\/residenciajesan.com\/wordpress\/wp-json\/wp\/v2\/users\/1"}],"replies":[{"embeddable":true,"href":"https:\/\/residenciajesan.com\/wordpress\/wp-json\/wp\/v2\/comments?post=86"}],"version-history":[{"count":11,"href":"https:\/\/residenciajesan.com\/wordpress\/wp-json\/wp\/v2\/pages\/86\/revisions"}],"predecessor-version":[{"id":819,"href":"https:\/\/residenciajesan.com\/wordpress\/wp-json\/wp\/v2\/pages\/86\/revisions\/819"}],"wp:attachment":[{"href":"https:\/\/residenciajesan.com\/wordpress\/wp-json\/wp\/v2\/media?parent=86"}],"curies":[{"name":"wp","href":"https:\/\/api.w.org\/{rel}","templated":true}]}}