{"id":876,"date":"2020-01-04T01:47:49","date_gmt":"2020-01-04T00:47:49","guid":{"rendered":"http:\/\/residenciajesan.com\/wordpress\/?page_id=876"},"modified":"2020-01-04T01:47:49","modified_gmt":"2020-01-04T00:47:49","slug":"politica-de-cookies","status":"publish","type":"page","link":"https:\/\/residenciajesan.com\/wordpress\/politica-de-cookies\/","title":{"rendered":"Pol\u00edtica de cookies"},"content":{"rendered":"\n<ul class=\"wp-block-list\"><li><strong>\u00bfQu\u00e9 son las Cookies? <\/strong>Esta p\u00e1gina web, (en adelante, \u201cel sitio web\u201d) utiliza cookies y\/u otros archivos de funcionalidad similar (en adelante, las \u201ccookies\u201d).  Una cookie es un peque\u00f1o fichero de texto que se almacena en tu ordenador, tableta o tel\u00e9fono cuando visitas un sitio web. Contiene informaci\u00f3n an\u00f3nima, como un identificador \u00fanico, el nombre del sitio web y algunos d\u00edgitos y n\u00fameros. Determinadas cookies pueden recabar datos de car\u00e1cter personal, como tu ubicaci\u00f3n. En estos casos, tus datos personales ser\u00e1n tratados de acuerdo con nuestra\u00a0<a href=\"http:\/\/www.residenciajesan.com\/politica-de-privacidad\/\">Pol\u00edtica de Privacidad<\/a>. En el sitio web, nosotros y nuestros proveedores de servicios utilizamos cookies para personalizar las aplicaciones y servicios, mejorar el contenido y la experiencia, medir la efectividad de la aplicaci\u00f3n y promover la confianza y la seguridad. <\/li><\/ul>\n\n\n\n<ul class=\"wp-block-list\"><li><strong>\u00bfQu\u00e9 tipo de Cookies utiliza esta p\u00e1gina web? <\/strong> Al navegar por el sitio web se utilizan cookies de sesi\u00f3n y cookies persistentes que, a su vez, pueden ser cookies propias o de terceros. <ul><li><strong>Cookies de sesi\u00f3n:<\/strong> Son cookies dise\u00f1adas para recabar y almacenar datos mientras el usuario accede a una p\u00e1gina web. Se suelen emplear para almacenar informaci\u00f3n que solo interesa conservar para la prestaci\u00f3n del servicio solicitado por el usuario en una sola ocasi\u00f3n.  <\/li><li><strong>Cookies persistentes:<\/strong> Son un tipo de cookies en el que los datos siguen almacenados en el terminal y a los que se puede acceder y tratar durante un periodo definido por el responsable de la cookie, y que puede ir de unos minutos a varios a\u00f1os. <\/li><li><strong>Cookies propias:<\/strong> Las creadas o gestionadas por el responsable del sitio web. El sitio web utiliza cookies t\u00e9cnicas propias y persistentes con la finalidad de hacer funcionar la p\u00e1gina web y ayudar a mejorar su rendimiento mediante la detecci\u00f3n de problemas que puedan derivarse de la navegaci\u00f3n. Tambi\u00e9n se utilizan cookies que permiten personalizar elementos de la navegaci\u00f3n (tama\u00f1o letras y contenidos recomendados). Asimismo, se instalan cookies con fines de an\u00e1lisis para realizar el seguimiento y an\u00e1lisis del comportamiento de los usuarios del sitio web.<\/li><li><strong>Cookies de terceros:<\/strong> Las administradas por prestadores ajenos a este sitio web.<\/li><\/ul><\/li><\/ul>\n\n\n\n<ul class=\"wp-block-list\"><li><strong>\u00bfQu\u00e9 se debe hacer si no quieres establecer las Cookies?<\/strong> Algunas personas encuentran que el almacenamiento de informaci\u00f3n de una p\u00e1gina web en su ordenador o dispositivo m\u00f3vil es un poco intrusivo, especialmente cuando esta informaci\u00f3n es almacenada y utilizada por terceros sin que ellos lo sepan. Si lo prefieres, es posible bloquear las cookies o eliminar las cookies que ya han sido establecidas; pero hay que ser conscientes de que es posible que pierdas algunas funcionalidades del sitio web. La mayor\u00eda de navegadores web permite gestionar, en cualquier momento, las preferencias del usuario sobre el uso de las cookies. Puedes decidir qu\u00e9 cookies deseas activar o desactivar para este sitio web. Para ello, visita la p\u00e1gina de\u00a0Configuraci\u00f3n de Cookies. Adem\u00e1s, para obtener m\u00e1s informaci\u00f3n sobre las cookies y permitir, bloquear o eliminar las cookies instaladas en tu equipo, puedes hacerlo mediante la configuraci\u00f3n de las opciones del navegador instalado en tu ordenador.<ul><li><strong>Google Chrome:<\/strong><br>Herramientas \u2013 Configuraci\u00f3n \u2013 Mostrar opciones avanzadas -configuraci\u00f3n de contenido \u2013 Cookies \u2013 Bloquear los datos de sitios y las cookies de terceros.<\/li><li><strong>Mozilla Firefox:<\/strong><br>Herramientas \u2013 Opciones \u2013 Privacidad \u2013 Historial \u2013 Usar una configuraci\u00f3n personalizada para el historial (desmarcar todas las casillas).<\/li><li><strong>Internet Explorer:<\/strong><br>Herramientas \u2013 Opciones de Internet \u2013 Privacidad \u2013 Configuraci\u00f3n para la zona de Internet (subir la barra de navegaci\u00f3n hasta Bloquear todas las cookies).<\/li><li><strong>Safari:<\/strong><br>Edici\u00f3n \u2013 Preferencias \u2013 Privacidad \u2013 Bloquear cookies (seleccionar \u201csiempre\u201d).<\/li><li><strong>Netscape 7.0:<\/strong><br>Edici\u00f3n \u2013 Preferencias \u2013 Privacidad y Seguridad \u2013 Cookies (seleccionar la opci\u00f3n \u201cdesactivar cookies\u201d).<\/li><li><strong>Opera 19:<\/strong><br>Men\u00fa \u2013 Configuraci\u00f3n \u2013 Privacidad y seguridad \u2013 Secci\u00f3n Cookies (seleccionar Bloquear cookies de terceros y datos de sitio).<\/li><\/ul><\/li><\/ul>\n\n\n\n<ul class=\"wp-block-list\"><li><strong>Revocar consentimiento:<\/strong> Puedes revocar tu consentimiento para el uso de cookies en tu navegador a trav\u00e9s de las indicaciones anteriores o a trav\u00e9s de la instalaci\u00f3n de un sistema de rechazo, (\u201copt-out\u201d) en tu navegador web. Del mismo modo, al deshabilitar la funci\u00f3n de geolocalizaci\u00f3n de tus dispositivos, podr\u00e1s inhabilitar el seguimiento realizado a trav\u00e9s de determinadas cookies anal\u00edticas.<\/li><\/ul>\n\n\n\n<ul class=\"wp-block-list\"><li><strong>Actualizaciones y cambios en la Pol\u00edtica de Cookies:<\/strong> Residencia Jes\u00e1n puede modificar esta pol\u00edtica de cookies en funci\u00f3n de nuevas exigencias legislativas, reglamentarias, o con la finalidad de adaptar dicha pol\u00edtica a las instrucciones dictadas por la Agencia Espa\u00f1ola de Protecci\u00f3n de Datos. Cuando se produzcan cambios significativos en esta Pol\u00edtica de Cookies se comunicar\u00e1 al usuario [bien mediante un aviso informativo en la p\u00e1gina web del editor bien a trav\u00e9s de correo electr\u00f3nico para los usuarios registrados]. Si deseas m\u00e1s informaci\u00f3n sobre qu\u00e9 uso hacemos de las cookies, puedes enviarnos un email a direccion@residenciajesan.com.<\/li><\/ul>\n","protected":false},"excerpt":{"rendered":"<p>\u00bfQu\u00e9 son las Cookies? Esta p\u00e1gina web, (en adelante, \u201cel sitio web\u201d) utiliza cookies y\/u otros archivos de funcionalidad similar (en adelante, las \u201ccookies\u201d). Una cookie es un peque\u00f1o fichero de texto que se almacena en tu ordenador, tableta o tel\u00e9fono cuando visitas un sitio web. Contiene informaci\u00f3n an\u00f3nima, como un identificador \u00fanico, el nombre &hellip; <a href=\"https:\/\/residenciajesan.com\/wordpress\/politica-de-cookies\/\" class=\"more-link\">Seguir leyendo <span class=\"screen-reader-text\">Pol\u00edtica de cookies<\/span> <span class=\"meta-nav\">&rarr;<\/span><\/a><\/p>\n","protected":false},"author":2,"featured_media":0,"parent":0,"menu_order":0,"comment_status":"closed","ping_status":"closed","template":"","meta":{"footnotes":""},"class_list":["post-876","page","type-page","status-publish","hentry"],"_links":{"self":[{"href":"https:\/\/residenciajesan.com\/wordpress\/wp-json\/wp\/v2\/pages\/876","targetHints":{"allow":["GET"]}}],"collection":[{"href":"https:\/\/residenciajesan.com\/wordpress\/wp-json\/wp\/v2\/pages"}],"about":[{"href":"https:\/\/residenciajesan.com\/wordpress\/wp-json\/wp\/v2\/types\/page"}],"author":[{"embeddable":true,"href":"https:\/\/residenciajesan.com\/wordpress\/wp-json\/wp\/v2\/users\/2"}],"replies":[{"embeddable":true,"href":"https:\/\/residenciajesan.com\/wordpress\/wp-json\/wp\/v2\/comments?post=876"}],"version-history":[{"count":1,"href":"https:\/\/residenciajesan.com\/wordpress\/wp-json\/wp\/v2\/pages\/876\/revisions"}],"predecessor-version":[{"id":877,"href":"https:\/\/residenciajesan.com\/wordpress\/wp-json\/wp\/v2\/pages\/876\/revisions\/877"}],"wp:attachment":[{"href":"https:\/\/residenciajesan.com\/wordpress\/wp-json\/wp\/v2\/media?parent=876"}],"curies":[{"name":"wp","href":"https:\/\/api.w.org\/{rel}","templated":true}]}}